{"id":212,"date":"2013-11-06T15:33:45","date_gmt":"2013-11-06T13:33:45","guid":{"rendered":"http:\/\/ateljeesaatio.kvaliitti.fi\/en\/?page_id=212"},"modified":"2026-04-22T14:18:28","modified_gmt":"2026-04-22T11:18:28","slug":"contact","status":"publish","type":"page","link":"https:\/\/www.ateljeesaatio.fi\/en\/contact\/","title":{"rendered":"Contact"},"content":{"rendered":"<h3>Finnish Artists&#8217; Studio Foundation<\/h3>\n<p>Lemuntie 4 D<br \/>\nFIN-00510 Helsinki<br \/>\ntel +358 50 4203062<br \/>\ninfo(at)ateljeesaatio.fi<\/p>\n<h3>Map<\/h3>\n<p><iframe loading=\"lazy\" src=\"https:\/\/maps.google.com\/maps?f=q&amp;source=s_q&amp;hl=fi&amp;geocode=&amp;q=Lemuntie+4+D,+00510+Helsinki,+Suomi&amp;aq=0&amp;oq=Lemuntie+4+D,+00510+Helsinki&amp;sll=37.0625,-95.677068&amp;sspn=56.112526,114.169922&amp;ie=UTF8&amp;hq=&amp;hnear=Lemuntie+4,+00510+Helsinki,+Suomi&amp;t=m&amp;ll=60.196028,24.95038&amp;spn=0.010665,0.027809&amp;z=14&amp;iwloc=A&amp;output=embed\" width=\"325\" height=\"250\" frameborder=\"0\" marginwidth=\"0\" marginheight=\"0\" scrolling=\"no\"><\/iframe><br \/>\n<small><a style=\"color: #0000ff; text-align: left;\" href=\"https:\/\/maps.google.com\/maps?f=q&amp;source=embed&amp;hl=fi&amp;geocode=&amp;q=Lemuntie+4+D,+00510+Helsinki,+Suomi&amp;aq=0&amp;oq=Lemuntie+4+D,+00510+Helsinki&amp;sll=37.0625,-95.677068&amp;sspn=56.112526,114.169922&amp;ie=UTF8&amp;hq=&amp;hnear=Lemuntie+4,+00510+Helsinki,+Suomi&amp;t=m&amp;ll=60.196028,24.95038&amp;spn=0.010665,0.027809&amp;z=14&amp;iwloc=A\">View bigger map<\/a><\/small><\/p>\n<p>&nbsp;<\/p>\n<p>Director Alina M\u00e4ntt\u00e4ri<br \/>\ntel. +358 41\u00a03118 911<br \/>\nalina.manttari(at)ateljeesaatio.fi<\/p>\n<p>Property manager Jaakko Rustanius<br \/>\ntel. +358 41 3175383<br \/>\njaakko.rustanius(at)ateljeesaatio.fi<\/p>\n<p>Communications specialist Maija Gr\u00f6nqvist<br \/>\n(available mostly on Mondays and Wednesdays)<br \/>\ntel. +358 50 420 3062<br \/>\nmaija.gronqvist(at)ateljeesaatio.fi<\/p>\n<p>&nbsp;<\/p>\n<h3>Payments and invoicing<\/h3>\n<p><strong>Suomen S\u00e4\u00e4ti\u00f6tilipalvelu Oy<\/strong><br \/>\nJoni Siivari<strong><br \/>\n<\/strong>joni.siivari(at)saatiotilipalvelu.fi<br \/>\ntel. +358 40 552 0996<br \/>\n<a class=\"peruslinkki\" href=\"http:\/\/www.saatiotilipalvelu.fi\" target=\"_blank\" rel=\"noopener noreferrer\">www.saatiotilipalvelu.fi<\/a><\/p>\n<p>&nbsp;<\/p>\n","protected":false},"excerpt":{"rendered":"<p>Finnish Artists&#8217; Studio Foundation Lemuntie 4 D FIN-00510 Helsinki tel +358 50 4203062 info(at)ateljeesaatio.fi Map View bigger map &nbsp; Director Alina M\u00e4ntt\u00e4ri tel. +358 41\u00a03118 911 alina.manttari(at)ateljeesaatio.fi Property manager Jaakko Rustanius tel. +358 41 3175383 jaakko.rustanius(at)ateljeesaatio.fi Communications specialist Maija Gr\u00f6nqvist (available mostly on Mondays and Wednesdays) tel. +358 50 420 3062 maija.gronqvist(at)ateljeesaatio.fi &nbsp; Payments and &#8230; <a title=\"Contact\" class=\"read-more\" href=\"https:\/\/www.ateljeesaatio.fi\/en\/contact\/\" aria-label=\"Lue lis\u00e4\u00e4 aiheesta Contact\">Lue lis\u00e4\u00e4<\/a><\/p>\n","protected":false},"author":4,"featured_media":0,"parent":0,"menu_order":0,"comment_status":"closed","ping_status":"closed","template":"","meta":{"footnotes":""},"class_list":["post-212","page","type-page","status-publish"],"yoast_head":"<!-- This site is optimized with the Yoast SEO plugin v27.6 - https:\/\/yoast.com\/product\/yoast-seo-wordpress\/ -->\n<title>Contact - The Finnish Artists&#039; Studio Foundation<\/title>\n<meta name=\"robots\" content=\"index, follow, max-snippet:-1, max-image-preview:large, max-video-preview:-1\" \/>\n<link rel=\"canonical\" href=\"https:\/\/www.ateljeesaatio.fi\/en\/contact\/\" \/>\n<meta property=\"og:locale\" content=\"fi_FI\" \/>\n<meta property=\"og:type\" content=\"article\" \/>\n<meta property=\"og:title\" content=\"Contact - The Finnish Artists&#039; Studio Foundation\" \/>\n<meta property=\"og:description\" content=\"Finnish Artists&#8217; Studio Foundation Lemuntie 4 D FIN-00510 Helsinki tel +358 50 4203062 info(at)ateljeesaatio.fi Map View bigger map &nbsp; Director Alina M\u00e4ntt\u00e4ri tel. +358 41\u00a03118 911 alina.manttari(at)ateljeesaatio.fi Property manager Jaakko Rustanius tel. +358 41 3175383 jaakko.rustanius(at)ateljeesaatio.fi Communications specialist Maija Gr\u00f6nqvist (available mostly on Mondays and Wednesdays) tel. +358 50 420 3062 maija.gronqvist(at)ateljeesaatio.fi &nbsp; Payments and ... Lue lis\u00e4\u00e4\" \/>\n<meta property=\"og:url\" content=\"https:\/\/www.ateljeesaatio.fi\/en\/contact\/\" \/>\n<meta property=\"og:site_name\" content=\"The Finnish Artists&#039; Studio Foundation\" \/>\n<meta property=\"article:modified_time\" content=\"2026-04-22T11:18:28+00:00\" \/>\n<meta name=\"twitter:card\" content=\"summary_large_image\" \/>\n<meta name=\"twitter:label1\" content=\"Arvioitu lukuaika\" \/>\n\t<meta name=\"twitter:data1\" content=\"1 minuutti\" \/>\n<script type=\"application\/ld+json\" class=\"yoast-schema-graph\">{\"@context\":\"https:\\\/\\\/schema.org\",\"@graph\":[{\"@type\":\"WebPage\",\"@id\":\"https:\\\/\\\/www.ateljeesaatio.fi\\\/en\\\/contact\\\/\",\"url\":\"https:\\\/\\\/www.ateljeesaatio.fi\\\/en\\\/contact\\\/\",\"name\":\"Contact - The Finnish Artists&#039; Studio Foundation\",\"isPartOf\":{\"@id\":\"https:\\\/\\\/www.ateljeesaatio.fi\\\/en\\\/#website\"},\"datePublished\":\"2013-11-06T13:33:45+00:00\",\"dateModified\":\"2026-04-22T11:18:28+00:00\",\"breadcrumb\":{\"@id\":\"https:\\\/\\\/www.ateljeesaatio.fi\\\/en\\\/contact\\\/#breadcrumb\"},\"inLanguage\":\"fi\",\"potentialAction\":[{\"@type\":\"ReadAction\",\"target\":[\"https:\\\/\\\/www.ateljeesaatio.fi\\\/en\\\/contact\\\/\"]}]},{\"@type\":\"BreadcrumbList\",\"@id\":\"https:\\\/\\\/www.ateljeesaatio.fi\\\/en\\\/contact\\\/#breadcrumb\",\"itemListElement\":[{\"@type\":\"ListItem\",\"position\":1,\"name\":\"Home\",\"item\":\"https:\\\/\\\/www.ateljeesaatio.fi\\\/en\\\/\"},{\"@type\":\"ListItem\",\"position\":2,\"name\":\"Contact\"}]},{\"@type\":\"WebSite\",\"@id\":\"https:\\\/\\\/www.ateljeesaatio.fi\\\/en\\\/#website\",\"url\":\"https:\\\/\\\/www.ateljeesaatio.fi\\\/en\\\/\",\"name\":\"The Finnish Artists&#039; Studio Foundation\",\"description\":\"\",\"publisher\":{\"@id\":\"https:\\\/\\\/www.ateljeesaatio.fi\\\/en\\\/#organization\"},\"potentialAction\":[{\"@type\":\"SearchAction\",\"target\":{\"@type\":\"EntryPoint\",\"urlTemplate\":\"https:\\\/\\\/www.ateljeesaatio.fi\\\/en\\\/?s={search_term_string}\"},\"query-input\":{\"@type\":\"PropertyValueSpecification\",\"valueRequired\":true,\"valueName\":\"search_term_string\"}}],\"inLanguage\":\"fi\"},{\"@type\":\"Organization\",\"@id\":\"https:\\\/\\\/www.ateljeesaatio.fi\\\/en\\\/#organization\",\"name\":\"The Finnish Artists&#039; Studio Foundation\",\"url\":\"https:\\\/\\\/www.ateljeesaatio.fi\\\/en\\\/\",\"logo\":{\"@type\":\"ImageObject\",\"inLanguage\":\"fi\",\"@id\":\"https:\\\/\\\/www.ateljeesaatio.fi\\\/en\\\/#\\\/schema\\\/logo\\\/image\\\/\",\"url\":\"https:\\\/\\\/www.ateljeesaatio.fi\\\/en\\\/wp-content\\\/uploads\\\/sites\\\/2\\\/2022\\\/11\\\/cropped-logo.jpg\",\"contentUrl\":\"https:\\\/\\\/www.ateljeesaatio.fi\\\/en\\\/wp-content\\\/uploads\\\/sites\\\/2\\\/2022\\\/11\\\/cropped-logo.jpg\",\"width\":136,\"height\":160,\"caption\":\"The Finnish Artists&#039; Studio Foundation\"},\"image\":{\"@id\":\"https:\\\/\\\/www.ateljeesaatio.fi\\\/en\\\/#\\\/schema\\\/logo\\\/image\\\/\"}}]}<\/script>\n<!-- \/ Yoast SEO plugin. -->","yoast_head_json":{"title":"Contact - The Finnish Artists&#039; Studio Foundation","robots":{"index":"index","follow":"follow","max-snippet":"max-snippet:-1","max-image-preview":"max-image-preview:large","max-video-preview":"max-video-preview:-1"},"canonical":"https:\/\/www.ateljeesaatio.fi\/en\/contact\/","og_locale":"fi_FI","og_type":"article","og_title":"Contact - The Finnish Artists&#039; Studio Foundation","og_description":"Finnish Artists&#8217; Studio Foundation Lemuntie 4 D FIN-00510 Helsinki tel +358 50 4203062 info(at)ateljeesaatio.fi Map View bigger map &nbsp; Director Alina M\u00e4ntt\u00e4ri tel. +358 41\u00a03118 911 alina.manttari(at)ateljeesaatio.fi Property manager Jaakko Rustanius tel. +358 41 3175383 jaakko.rustanius(at)ateljeesaatio.fi Communications specialist Maija Gr\u00f6nqvist (available mostly on Mondays and Wednesdays) tel. +358 50 420 3062 maija.gronqvist(at)ateljeesaatio.fi &nbsp; Payments and ... Lue lis\u00e4\u00e4","og_url":"https:\/\/www.ateljeesaatio.fi\/en\/contact\/","og_site_name":"The Finnish Artists&#039; Studio Foundation","article_modified_time":"2026-04-22T11:18:28+00:00","twitter_card":"summary_large_image","twitter_misc":{"Arvioitu lukuaika":"1 minuutti"},"schema":{"@context":"https:\/\/schema.org","@graph":[{"@type":"WebPage","@id":"https:\/\/www.ateljeesaatio.fi\/en\/contact\/","url":"https:\/\/www.ateljeesaatio.fi\/en\/contact\/","name":"Contact - The Finnish Artists&#039; Studio Foundation","isPartOf":{"@id":"https:\/\/www.ateljeesaatio.fi\/en\/#website"},"datePublished":"2013-11-06T13:33:45+00:00","dateModified":"2026-04-22T11:18:28+00:00","breadcrumb":{"@id":"https:\/\/www.ateljeesaatio.fi\/en\/contact\/#breadcrumb"},"inLanguage":"fi","potentialAction":[{"@type":"ReadAction","target":["https:\/\/www.ateljeesaatio.fi\/en\/contact\/"]}]},{"@type":"BreadcrumbList","@id":"https:\/\/www.ateljeesaatio.fi\/en\/contact\/#breadcrumb","itemListElement":[{"@type":"ListItem","position":1,"name":"Home","item":"https:\/\/www.ateljeesaatio.fi\/en\/"},{"@type":"ListItem","position":2,"name":"Contact"}]},{"@type":"WebSite","@id":"https:\/\/www.ateljeesaatio.fi\/en\/#website","url":"https:\/\/www.ateljeesaatio.fi\/en\/","name":"The Finnish Artists&#039; Studio Foundation","description":"","publisher":{"@id":"https:\/\/www.ateljeesaatio.fi\/en\/#organization"},"potentialAction":[{"@type":"SearchAction","target":{"@type":"EntryPoint","urlTemplate":"https:\/\/www.ateljeesaatio.fi\/en\/?s={search_term_string}"},"query-input":{"@type":"PropertyValueSpecification","valueRequired":true,"valueName":"search_term_string"}}],"inLanguage":"fi"},{"@type":"Organization","@id":"https:\/\/www.ateljeesaatio.fi\/en\/#organization","name":"The Finnish Artists&#039; Studio Foundation","url":"https:\/\/www.ateljeesaatio.fi\/en\/","logo":{"@type":"ImageObject","inLanguage":"fi","@id":"https:\/\/www.ateljeesaatio.fi\/en\/#\/schema\/logo\/image\/","url":"https:\/\/www.ateljeesaatio.fi\/en\/wp-content\/uploads\/sites\/2\/2022\/11\/cropped-logo.jpg","contentUrl":"https:\/\/www.ateljeesaatio.fi\/en\/wp-content\/uploads\/sites\/2\/2022\/11\/cropped-logo.jpg","width":136,"height":160,"caption":"The Finnish Artists&#039; Studio Foundation"},"image":{"@id":"https:\/\/www.ateljeesaatio.fi\/en\/#\/schema\/logo\/image\/"}}]}},"_links":{"self":[{"href":"https:\/\/www.ateljeesaatio.fi\/en\/wp-json\/wp\/v2\/pages\/212","targetHints":{"allow":["GET"]}}],"collection":[{"href":"https:\/\/www.ateljeesaatio.fi\/en\/wp-json\/wp\/v2\/pages"}],"about":[{"href":"https:\/\/www.ateljeesaatio.fi\/en\/wp-json\/wp\/v2\/types\/page"}],"author":[{"embeddable":true,"href":"https:\/\/www.ateljeesaatio.fi\/en\/wp-json\/wp\/v2\/users\/4"}],"replies":[{"embeddable":true,"href":"https:\/\/www.ateljeesaatio.fi\/en\/wp-json\/wp\/v2\/comments?post=212"}],"version-history":[{"count":37,"href":"https:\/\/www.ateljeesaatio.fi\/en\/wp-json\/wp\/v2\/pages\/212\/revisions"}],"predecessor-version":[{"id":768,"href":"https:\/\/www.ateljeesaatio.fi\/en\/wp-json\/wp\/v2\/pages\/212\/revisions\/768"}],"wp:attachment":[{"href":"https:\/\/www.ateljeesaatio.fi\/en\/wp-json\/wp\/v2\/media?parent=212"}],"curies":[{"name":"wp","href":"https:\/\/api.w.org\/{rel}","templated":true}]}}